{"id":3641,"date":"2021-05-07T12:52:07","date_gmt":"2021-05-07T12:52:07","guid":{"rendered":"https:\/\/gemmabookcafe.ro\/product\/gemma-terem\/"},"modified":"2023-07-04T09:43:15","modified_gmt":"2023-07-04T07:43:15","slug":"gemma-terem","status":"publish","type":"product","link":"https:\/\/gemmabookcafe.ro\/ro\/produs\/gemma-terem\/","title":{"rendered":"Gemma Terem"},"content":{"rendered":"","protected":false},"excerpt":{"rendered":"<p>A Gemma Terem 24 \u00fcl\u0151hellyel rendelkezik, ez a k\u00f6nyves k\u00e1v\u00e9z\u00f3 reprezentat\u00edv helyis\u00e9ge, a legsz\u00e9lesebb k\u00f6nyv\u00e1laszt\u00e9kkal rendelkezik, k\u00f6nyvbemutat\u00f3k, \u00edr\u00f3-olvas\u00f3 tal\u00e1lkoz\u00f3k, sajt\u00f3t\u00e1j\u00e9koztat\u00f3k kiv\u00e1l\u00f3 helysz\u00edne, de bar\u00e1ti tal\u00e1lkoz\u00f3k vagy mag\u00e1nyos munka, olvasgat\u00e1s sz\u00e1m\u00e1ra is j\u00f3 hely.<\/p>\n","protected":false},"featured_media":3643,"comment_status":"open","ping_status":"closed","template":"","meta":[],"_links":{"self":[{"href":"https:\/\/gemmabookcafe.ro\/ro\/wp-json\/wp\/v2\/product\/3641"}],"collection":[{"href":"https:\/\/gemmabookcafe.ro\/ro\/wp-json\/wp\/v2\/product"}],"about":[{"href":"https:\/\/gemmabookcafe.ro\/ro\/wp-json\/wp\/v2\/types\/product"}],"replies":[{"embeddable":true,"href":"https:\/\/gemmabookcafe.ro\/ro\/wp-json\/wp\/v2\/comments?post=3641"}],"wp:featuredmedia":[{"embeddable":true,"href":"https:\/\/gemmabookcafe.ro\/ro\/wp-json\/wp\/v2\/media\/3643"}],"wp:attachment":[{"href":"https:\/\/gemmabookcafe.ro\/ro\/wp-json\/wp\/v2\/media?parent=3641"}],"curies":[{"name":"wp","href":"https:\/\/api.w.org\/{rel}","templated":true}]}}